{"id":1301,"date":"2024-12-16T17:33:27","date_gmt":"2024-12-16T17:33:27","guid":{"rendered":"https:\/\/lumarelectric.ca\/?page_id=1301"},"modified":"2025-06-02T13:37:36","modified_gmt":"2025-06-02T16:37:36","slug":"projects","status":"publish","type":"page","link":"https:\/\/lumarelectric.ca\/fr\/projects\/","title":{"rendered":"Projets"},"content":{"rendered":"<div data-elementor-type=\"wp-page\" data-elementor-id=\"1301\" class=\"elementor elementor-1301\" data-elementor-post-type=\"page\">\n\t\t\t\t<div data-particle_enable=\"false\" data-particle-mobile-disabled=\"false\" class=\"elementor-element elementor-element-48ef53c e-con-full e-flex e-con e-parent\" data-id=\"48ef53c\" data-element_type=\"container\" data-e-type=\"container\" data-settings=\"{&quot;jet_parallax_layout_list&quot;:[],&quot;background_background&quot;:&quot;classic&quot;}\">\n\t\t<div data-particle_enable=\"false\" data-particle-mobile-disabled=\"false\" class=\"elementor-element elementor-element-8057d10 e-con-full e-flex e-con e-child\" data-id=\"8057d10\" data-element_type=\"container\" data-e-type=\"container\" data-settings=\"{&quot;background_background&quot;:&quot;classic&quot;,&quot;jet_parallax_layout_list&quot;:[]}\">\n\t\t\t\t<div class=\"elementor-element elementor-element-6452405 elementor-widget elementor-widget-heading\" data-id=\"6452405\" data-element_type=\"widget\" data-e-type=\"widget\" data-widget_type=\"heading.default\">\n\t\t\t\t<div class=\"elementor-widget-container\">\n\t\t\t\t\t<h2 class=\"elementor-heading-title elementor-size-default\">Projets de LuMar Electric<\/h2>\t\t\t\t<\/div>\n\t\t\t\t<\/div>\n\t\t\t\t<div class=\"elementor-element elementor-element-a661bfa elementor-widget elementor-widget-heading\" data-id=\"a661bfa\" data-element_type=\"widget\" data-e-type=\"widget\" data-widget_type=\"heading.default\">\n\t\t\t\t<div class=\"elementor-widget-container\">\n\t\t\t\t\t<h1 class=\"elementor-heading-title elementor-size-default\">Projets<\/h1>\t\t\t\t<\/div>\n\t\t\t\t<\/div>\n\t\t\t\t<div class=\"elementor-element elementor-element-5cd1ce1 elementor-align-left elementor-widget elementor-widget-button\" data-id=\"5cd1ce1\" data-element_type=\"widget\" data-e-type=\"widget\" data-widget_type=\"button.default\">\n\t\t\t\t<div class=\"elementor-widget-container\">\n\t\t\t\t\t\t\t\t\t<div class=\"elementor-button-wrapper\">\n\t\t\t\t\t<a class=\"elementor-button elementor-button-link elementor-size-sm\" href=\"https:\/\/book.servicem8.com\/request_booking?uuid=863673e4-19ff-4b65-a8a5-79acb0170a5b\" target=\"_blank\" rel=\"nofollow\">\n\t\t\t\t\t\t<span class=\"elementor-button-content-wrapper\">\n\t\t\t\t\t\t\t\t\t<span class=\"elementor-button-text\">R\u00e9server un appel de service<\/span>\n\t\t\t\t\t<\/span>\n\t\t\t\t\t<\/a>\n\t\t\t\t<\/div>\n\t\t\t\t\t\t\t\t<\/div>\n\t\t\t\t<\/div>\n\t\t\t\t<\/div>\n\t\t<div data-particle_enable=\"false\" data-particle-mobile-disabled=\"false\" class=\"elementor-element elementor-element-deb61ad e-con-full e-flex e-con e-child\" data-id=\"deb61ad\" data-element_type=\"container\" data-e-type=\"container\" data-settings=\"{&quot;jet_parallax_layout_list&quot;:[],&quot;background_background&quot;:&quot;classic&quot;}\">\n\t\t\t\t<\/div>\n\t\t\t\t<\/div>\n\t\t<div data-particle_enable=\"false\" data-particle-mobile-disabled=\"false\" class=\"elementor-element elementor-element-ff09740 e-flex e-con-boxed e-con e-parent\" data-id=\"ff09740\" data-element_type=\"container\" data-e-type=\"container\" data-settings=\"{&quot;jet_parallax_layout_list&quot;:[]}\">\n\t\t\t\t\t<div class=\"e-con-inner\">\n\t\t\t\t<div class=\"elementor-element elementor-element-563c8a6 elementor-widget elementor-widget-heading\" data-id=\"563c8a6\" data-element_type=\"widget\" data-e-type=\"widget\" data-widget_type=\"heading.default\">\n\t\t\t\t<div class=\"elementor-widget-container\">\n\t\t\t\t\t<h2 class=\"elementor-heading-title elementor-size-default\">Projets de LuMar Electric<\/h2>\t\t\t\t<\/div>\n\t\t\t\t<\/div>\n\t\t\t\t<div class=\"elementor-element elementor-element-fc03b99 elementor-widget__width-initial elementor-widget elementor-widget-text-editor\" data-id=\"fc03b99\" data-element_type=\"widget\" data-e-type=\"widget\" data-widget_type=\"text-editor.default\">\n\t\t\t\t<div class=\"elementor-widget-container\">\n\t\t\t\t\t\t\t\t\t<p>D\u00e9couvrez nos projets : Chez Lumar Electric, nous sommes sp\u00e9cialis\u00e9s dans la fourniture de solutions \u00e9lectriques r\u00e9sidentielles, commerciales et de chantier de premier ordre. Qu'il s'agisse de maisons modernes, d'installations commerciales \u00e0 grande \u00e9chelle ou de pr\u00e9paration de sites, notre portefeuille t\u00e9moigne de notre engagement en faveur de la qualit\u00e9, de l'innovation et de la pr\u00e9cision. Voyez comment nous donnons vie \u00e0 l'\u00e9lectricit\u00e9 dans chaque projet que nous entreprenons !<\/p>\t\t\t\t\t\t\t\t<\/div>\n\t\t\t\t<\/div>\n\t\t\t\t\t<\/div>\n\t\t\t\t<\/div>\n\t\t<div data-particle_enable=\"false\" data-particle-mobile-disabled=\"false\" class=\"elementor-element elementor-element-2f7110a e-flex e-con-boxed e-con e-parent\" data-id=\"2f7110a\" data-element_type=\"container\" data-e-type=\"container\" data-settings=\"{&quot;jet_parallax_layout_list&quot;:[]}\">\n\t\t\t\t\t<div class=\"e-con-inner\">\n\t\t<div data-particle_enable=\"false\" data-particle-mobile-disabled=\"false\" class=\"elementor-element elementor-element-bae6779 e-con-full e-flex e-con e-child\" data-id=\"bae6779\" data-element_type=\"container\" data-e-type=\"container\" data-settings=\"{&quot;jet_parallax_layout_list&quot;:[]}\">\n\t\t\t\t<div class=\"elementor-element elementor-element-36d6916 elementor-cta--skin-cover elementor-cta--valign-bottom elementor-bg-transform elementor-bg-transform-zoom-out elementor-animated-content elementor-widget elementor-widget-call-to-action\" data-id=\"36d6916\" data-element_type=\"widget\" data-e-type=\"widget\" data-widget_type=\"call-to-action.default\">\n\t\t\t\t<div class=\"elementor-widget-container\">\n\t\t\t\t\t\t\t<a class=\"elementor-cta\" href=\"https:\/\/lumarelectric.ca\/fr\/projects\/tannery-place-south\/\">\n\t\t\t\t\t<div class=\"elementor-cta__bg-wrapper\">\n\t\t\t\t<div class=\"elementor-cta__bg elementor-bg\" style=\"background-image: url(https:\/\/lumarelectric.ca\/wp-content\/uploads\/2024\/12\/img3.webp);\" role=\"img\" aria-label=\"Vue ext\u00e9rieure de l&#039;immeuble Tannery Place South.\"><\/div>\n\t\t\t\t<div class=\"elementor-cta__bg-overlay\"><\/div>\n\t\t\t<\/div>\n\t\t\t\t\t\t\t<div class=\"elementor-cta__content\">\n\t\t\t\t\n\t\t\t\t\t\t\t\t\t<h2 class=\"elementor-cta__title elementor-cta__content-item elementor-content-item elementor-animated-item--grow\">\n\t\t\t\t\t\tTannery Place South\t\t\t\t\t<\/h2>\n\t\t\t\t\n\t\t\t\t\n\t\t\t\t\t\t\t\t\t<div class=\"elementor-cta__button-wrapper elementor-cta__content-item elementor-content-item elementor-animated-item--grow\">\n\t\t\t\t\t<span class=\"elementor-cta__button elementor-button elementor-size-\">\n\t\t\t\t\t\tD\u00e9tails du projet\t\t\t\t\t<\/span>\n\t\t\t\t\t<\/div>\n\t\t\t\t\t\t\t<\/div>\n\t\t\t\t\t\t<\/a>\n\t\t\t\t\t\t<\/div>\n\t\t\t\t<\/div>\n\t\t\t\t<\/div>\n\t\t<div data-particle_enable=\"false\" data-particle-mobile-disabled=\"false\" class=\"elementor-element elementor-element-0646a8b e-con-full e-flex e-con e-child\" data-id=\"0646a8b\" data-element_type=\"container\" data-e-type=\"container\" data-settings=\"{&quot;jet_parallax_layout_list&quot;:[]}\">\n\t\t\t\t<\/div>\n\t\t\t\t\t<\/div>\n\t\t\t\t<\/div>\n\t\t<div data-particle_enable=\"false\" data-particle-mobile-disabled=\"false\" class=\"elementor-element elementor-element-eed7e37 e-flex e-con-boxed e-con e-parent\" data-id=\"eed7e37\" data-element_type=\"container\" data-e-type=\"container\" data-settings=\"{&quot;jet_parallax_layout_list&quot;:[]}\">\n\t\t\t\t\t<div class=\"e-con-inner\">\n\t\t<div data-particle_enable=\"false\" data-particle-mobile-disabled=\"false\" class=\"elementor-element elementor-element-5ad29a7 e-con-full e-flex e-con e-child\" data-id=\"5ad29a7\" data-element_type=\"container\" data-e-type=\"container\" data-settings=\"{&quot;jet_parallax_layout_list&quot;:[]}\">\n\t\t\t\t<\/div>\n\t\t<div data-particle_enable=\"false\" data-particle-mobile-disabled=\"false\" class=\"elementor-element elementor-element-e58d34c e-con-full e-flex e-con e-child\" data-id=\"e58d34c\" data-element_type=\"container\" data-e-type=\"container\" data-settings=\"{&quot;jet_parallax_layout_list&quot;:[]}\">\n\t\t\t\t<\/div>\n\t\t\t\t\t<\/div>\n\t\t\t\t<\/div>\n\t\t\t\t<\/div>","protected":false},"excerpt":{"rendered":"<p>LuMar Electric Projects Projects Book a Service Call LuMar Electric Projects Explore our Projects: At Lumar Electric, we specialize in delivering top-notch Residential, Commercial, and Sitework electrical solutions. From modern homes to large-scale commercial installations and site preparation, our portfolio showcases our commitment to quality, innovation, and precision. See how we bring power to life [&hellip;]<\/p>","protected":false},"author":5,"featured_media":0,"parent":0,"menu_order":0,"comment_status":"closed","ping_status":"closed","template":"elementor_header_footer","meta":{"_seopress_robots_primary_cat":"","_seopress_titles_title":"Our Projects | Electrical Work by LuMar Electric","_seopress_titles_desc":"Explore LuMar Electric\u2019s completed residential, commercial, and industrial electrical projects across New Brunswick and PEI. See how we deliver quality and reliability on every job.","_seopress_robots_index":"","footnotes":""},"class_list":["post-1301","page","type-page","status-publish","hentry"],"_links":{"self":[{"href":"https:\/\/lumarelectric.ca\/fr\/wp-json\/wp\/v2\/pages\/1301","targetHints":{"allow":["GET"]}}],"collection":[{"href":"https:\/\/lumarelectric.ca\/fr\/wp-json\/wp\/v2\/pages"}],"about":[{"href":"https:\/\/lumarelectric.ca\/fr\/wp-json\/wp\/v2\/types\/page"}],"author":[{"embeddable":true,"href":"https:\/\/lumarelectric.ca\/fr\/wp-json\/wp\/v2\/users\/5"}],"replies":[{"embeddable":true,"href":"https:\/\/lumarelectric.ca\/fr\/wp-json\/wp\/v2\/comments?post=1301"}],"version-history":[{"count":0,"href":"https:\/\/lumarelectric.ca\/fr\/wp-json\/wp\/v2\/pages\/1301\/revisions"}],"wp:attachment":[{"href":"https:\/\/lumarelectric.ca\/fr\/wp-json\/wp\/v2\/media?parent=1301"}],"curies":[{"name":"wp","href":"https:\/\/api.w.org\/{rel}","templated":true}]}}