{"id":1387,"date":"2024-12-16T19:14:32","date_gmt":"2024-12-16T19:14:32","guid":{"rendered":"https:\/\/lumarelectric.ca\/?page_id=1387"},"modified":"2025-02-14T13:16:25","modified_gmt":"2025-02-14T13:16:25","slug":"tannery-place-south","status":"publish","type":"page","link":"https:\/\/lumarelectric.ca\/fr\/projects\/tannery-place-south\/","title":{"rendered":"Tannery Place South"},"content":{"rendered":"<div data-elementor-type=\"wp-page\" data-elementor-id=\"1387\" class=\"elementor elementor-1387\" data-elementor-post-type=\"page\">\n\t\t\t\t<div data-particle_enable=\"false\" data-particle-mobile-disabled=\"false\" class=\"elementor-element elementor-element-48ef53c e-con-full e-flex e-con e-parent\" data-id=\"48ef53c\" data-element_type=\"container\" data-e-type=\"container\" data-settings=\"{&quot;jet_parallax_layout_list&quot;:[],&quot;background_background&quot;:&quot;classic&quot;}\">\n\t\t<div data-particle_enable=\"false\" data-particle-mobile-disabled=\"false\" class=\"elementor-element elementor-element-8057d10 e-con-full e-flex e-con e-child\" data-id=\"8057d10\" data-element_type=\"container\" data-e-type=\"container\" data-settings=\"{&quot;background_background&quot;:&quot;classic&quot;,&quot;jet_parallax_layout_list&quot;:[]}\">\n\t\t\t\t<div class=\"elementor-element elementor-element-6452405 elementor-widget elementor-widget-heading\" data-id=\"6452405\" data-element_type=\"widget\" data-e-type=\"widget\" data-widget_type=\"heading.default\">\n\t\t\t\t<div class=\"elementor-widget-container\">\n\t\t\t\t\t<h2 class=\"elementor-heading-title elementor-size-default\">Projets de LuMar Electric<\/h2>\t\t\t\t<\/div>\n\t\t\t\t<\/div>\n\t\t\t\t<div class=\"elementor-element elementor-element-a661bfa elementor-widget elementor-widget-heading\" data-id=\"a661bfa\" data-element_type=\"widget\" data-e-type=\"widget\" data-widget_type=\"heading.default\">\n\t\t\t\t<div class=\"elementor-widget-container\">\n\t\t\t\t\t<h1 class=\"elementor-heading-title elementor-size-default\">Tannery Place South<\/h1>\t\t\t\t<\/div>\n\t\t\t\t<\/div>\n\t\t\t\t<\/div>\n\t\t<div data-particle_enable=\"false\" data-particle-mobile-disabled=\"false\" class=\"elementor-element elementor-element-deb61ad e-con-full e-flex e-con e-child\" data-id=\"deb61ad\" data-element_type=\"container\" data-e-type=\"container\" data-settings=\"{&quot;jet_parallax_layout_list&quot;:[],&quot;background_background&quot;:&quot;classic&quot;}\">\n\t\t\t\t<\/div>\n\t\t\t\t<\/div>\n\t\t<div data-particle_enable=\"false\" data-particle-mobile-disabled=\"false\" class=\"elementor-element elementor-element-5a95905 e-flex e-con-boxed e-con e-parent\" data-id=\"5a95905\" data-element_type=\"container\" data-e-type=\"container\" data-settings=\"{&quot;jet_parallax_layout_list&quot;:[]}\">\n\t\t\t\t\t<div class=\"e-con-inner\">\n\t\t\t\t<div class=\"elementor-element elementor-element-e8c7bff elementor-widget elementor-widget-heading\" data-id=\"e8c7bff\" data-element_type=\"widget\" data-e-type=\"widget\" data-widget_type=\"heading.default\">\n\t\t\t\t<div class=\"elementor-widget-container\">\n\t\t\t\t\t<h2 class=\"elementor-heading-title elementor-size-default\">D\u00e9tails du projet<\/h2>\t\t\t\t<\/div>\n\t\t\t\t<\/div>\n\t\t\t\t\t<\/div>\n\t\t\t\t<\/div>\n\t\t<div data-particle_enable=\"false\" data-particle-mobile-disabled=\"false\" class=\"elementor-element elementor-element-01d482a e-flex e-con-boxed e-con e-parent\" data-id=\"01d482a\" data-element_type=\"container\" data-e-type=\"container\" data-settings=\"{&quot;jet_parallax_layout_list&quot;:[]}\">\n\t\t\t\t\t<div class=\"e-con-inner\">\n\t\t<div data-particle_enable=\"false\" data-particle-mobile-disabled=\"false\" class=\"elementor-element elementor-element-0a167cd e-con-full e-flex e-con e-child\" data-id=\"0a167cd\" data-element_type=\"container\" data-e-type=\"container\" data-settings=\"{&quot;jet_parallax_layout_list&quot;:[]}\">\n\t\t\t\t<div class=\"elementor-element elementor-element-1d0dce1 elementor-widget elementor-widget-heading\" data-id=\"1d0dce1\" data-element_type=\"widget\" data-e-type=\"widget\" data-widget_type=\"heading.default\">\n\t\t\t\t<div class=\"elementor-widget-container\">\n\t\t\t\t\t<p class=\"elementor-heading-title elementor-size-default\">Client<\/p>\t\t\t\t<\/div>\n\t\t\t\t<\/div>\n\t\t\t\t<div class=\"elementor-element elementor-element-e5cf207 elementor-widget elementor-widget-heading\" data-id=\"e5cf207\" data-element_type=\"widget\" data-e-type=\"widget\" data-widget_type=\"heading.default\">\n\t\t\t\t<div class=\"elementor-widget-container\">\n\t\t\t\t\t<h3 class=\"elementor-heading-title elementor-size-default\">Tannery Place South<\/h3>\t\t\t\t<\/div>\n\t\t\t\t<\/div>\n\t\t\t\t<\/div>\n\t\t<div data-particle_enable=\"false\" data-particle-mobile-disabled=\"false\" class=\"elementor-element elementor-element-67c47ad e-con-full e-flex e-con e-child\" data-id=\"67c47ad\" data-element_type=\"container\" data-e-type=\"container\" data-settings=\"{&quot;jet_parallax_layout_list&quot;:[]}\">\n\t\t\t\t<div class=\"elementor-element elementor-element-78c528e elementor-widget elementor-widget-heading\" data-id=\"78c528e\" data-element_type=\"widget\" data-e-type=\"widget\" data-widget_type=\"heading.default\">\n\t\t\t\t<div class=\"elementor-widget-container\">\n\t\t\t\t\t<p class=\"elementor-heading-title elementor-size-default\">Ville<\/p>\t\t\t\t<\/div>\n\t\t\t\t<\/div>\n\t\t\t\t<div class=\"elementor-element elementor-element-8e7fc44 elementor-widget elementor-widget-heading\" data-id=\"8e7fc44\" data-element_type=\"widget\" data-e-type=\"widget\" data-widget_type=\"heading.default\">\n\t\t\t\t<div class=\"elementor-widget-container\">\n\t\t\t\t\t<h3 class=\"elementor-heading-title elementor-size-default\">Moncton, NB<\/h3>\t\t\t\t<\/div>\n\t\t\t\t<\/div>\n\t\t\t\t<\/div>\n\t\t<div data-particle_enable=\"false\" data-particle-mobile-disabled=\"false\" class=\"elementor-element elementor-element-d61b19b e-con-full e-flex e-con e-child\" data-id=\"d61b19b\" data-element_type=\"container\" data-e-type=\"container\" data-settings=\"{&quot;jet_parallax_layout_list&quot;:[]}\">\n\t\t\t\t<div class=\"elementor-element elementor-element-1bd3ee8 elementor-widget elementor-widget-heading\" data-id=\"1bd3ee8\" data-element_type=\"widget\" data-e-type=\"widget\" data-widget_type=\"heading.default\">\n\t\t\t\t<div class=\"elementor-widget-container\">\n\t\t\t\t\t<p class=\"elementor-heading-title elementor-size-default\">Type<\/p>\t\t\t\t<\/div>\n\t\t\t\t<\/div>\n\t\t\t\t<div class=\"elementor-element elementor-element-65298d5 elementor-widget elementor-widget-heading\" data-id=\"65298d5\" data-element_type=\"widget\" data-e-type=\"widget\" data-widget_type=\"heading.default\">\n\t\t\t\t<div class=\"elementor-widget-container\">\n\t\t\t\t\t<h3 class=\"elementor-heading-title elementor-size-default\">Commercial<\/h3>\t\t\t\t<\/div>\n\t\t\t\t<\/div>\n\t\t\t\t<\/div>\n\t\t<div data-particle_enable=\"false\" data-particle-mobile-disabled=\"false\" class=\"elementor-element elementor-element-5331d09 e-con-full e-flex e-con e-child\" data-id=\"5331d09\" data-element_type=\"container\" data-e-type=\"container\" data-settings=\"{&quot;jet_parallax_layout_list&quot;:[]}\">\n\t\t\t\t<div class=\"elementor-element elementor-element-13ac782 elementor-widget elementor-widget-heading\" data-id=\"13ac782\" data-element_type=\"widget\" data-e-type=\"widget\" data-widget_type=\"heading.default\">\n\t\t\t\t<div class=\"elementor-widget-container\">\n\t\t\t\t\t<p class=\"elementor-heading-title elementor-size-default\">Secteur<\/p>\t\t\t\t<\/div>\n\t\t\t\t<\/div>\n\t\t\t\t<div class=\"elementor-element elementor-element-87b9118 elementor-widget elementor-widget-heading\" data-id=\"87b9118\" data-element_type=\"widget\" data-e-type=\"widget\" data-widget_type=\"heading.default\">\n\t\t\t\t<div class=\"elementor-widget-container\">\n\t\t\t\t\t<h3 class=\"elementor-heading-title elementor-size-default\">R\u00e9sidentiel<\/h3>\t\t\t\t<\/div>\n\t\t\t\t<\/div>\n\t\t\t\t<\/div>\n\t\t\t\t\t<\/div>\n\t\t\t\t<\/div>\n\t\t<div data-particle_enable=\"false\" data-particle-mobile-disabled=\"false\" class=\"elementor-element elementor-element-b612cb8 elementor-hidden-desktop elementor-hidden-tablet elementor-hidden-mobile e-flex e-con-boxed e-con e-parent\" data-id=\"b612cb8\" data-element_type=\"container\" data-e-type=\"container\" data-settings=\"{&quot;jet_parallax_layout_list&quot;:[]}\">\n\t\t\t\t\t<div class=\"e-con-inner\">\n\t\t<div data-particle_enable=\"false\" data-particle-mobile-disabled=\"false\" class=\"elementor-element elementor-element-13a59cb e-con-full e-flex e-con e-child\" data-id=\"13a59cb\" data-element_type=\"container\" data-e-type=\"container\" data-settings=\"{&quot;jet_parallax_layout_list&quot;:[]}\">\n\t\t\t\t<div class=\"elementor-element elementor-element-6d978b9 elementor-widget elementor-widget-heading\" data-id=\"6d978b9\" data-element_type=\"widget\" data-e-type=\"widget\" data-widget_type=\"heading.default\">\n\t\t\t\t<div class=\"elementor-widget-container\">\n\t\t\t\t\t<p class=\"elementor-heading-title elementor-size-default\">L'\u00e9quipage<\/p>\t\t\t\t<\/div>\n\t\t\t\t<\/div>\n\t\t\t\t<div class=\"elementor-element elementor-element-5191f05 elementor-widget elementor-widget-heading\" data-id=\"5191f05\" data-element_type=\"widget\" data-e-type=\"widget\" data-widget_type=\"heading.default\">\n\t\t\t\t<div class=\"elementor-widget-container\">\n\t\t\t\t\t<h3 class=\"elementor-heading-title elementor-size-default\">20+<\/h3>\t\t\t\t<\/div>\n\t\t\t\t<\/div>\n\t\t\t\t<\/div>\n\t\t<div data-particle_enable=\"false\" data-particle-mobile-disabled=\"false\" class=\"elementor-element elementor-element-dbdabbc e-con-full e-flex e-con e-child\" data-id=\"dbdabbc\" data-element_type=\"container\" data-e-type=\"container\" data-settings=\"{&quot;jet_parallax_layout_list&quot;:[]}\">\n\t\t\t\t<div class=\"elementor-element elementor-element-3337ff7 elementor-widget elementor-widget-heading\" data-id=\"3337ff7\" data-element_type=\"widget\" data-e-type=\"widget\" data-widget_type=\"heading.default\">\n\t\t\t\t<div class=\"elementor-widget-container\">\n\t\t\t\t\t<p class=\"elementor-heading-title elementor-size-default\">Equipement<\/p>\t\t\t\t<\/div>\n\t\t\t\t<\/div>\n\t\t\t\t<div class=\"elementor-element elementor-element-6dbfd10 elementor-widget elementor-widget-heading\" data-id=\"6dbfd10\" data-element_type=\"widget\" data-e-type=\"widget\" data-widget_type=\"heading.default\">\n\t\t\t\t<div class=\"elementor-widget-container\">\n\t\t\t\t\t<h3 class=\"elementor-heading-title elementor-size-default\">Camion \u00e0 godets, \u00e9l\u00e9vateur \u00e0 ciseaux, pelleteuse<\/h3>\t\t\t\t<\/div>\n\t\t\t\t<\/div>\n\t\t\t\t<\/div>\n\t\t<div data-particle_enable=\"false\" data-particle-mobile-disabled=\"false\" class=\"elementor-element elementor-element-25b022f e-con-full e-flex e-con e-child\" data-id=\"25b022f\" data-element_type=\"container\" data-e-type=\"container\" data-settings=\"{&quot;jet_parallax_layout_list&quot;:[]}\">\n\t\t\t\t<div class=\"elementor-element elementor-element-da76ed2 elementor-widget elementor-widget-heading\" data-id=\"da76ed2\" data-element_type=\"widget\" data-e-type=\"widget\" data-widget_type=\"heading.default\">\n\t\t\t\t<div class=\"elementor-widget-container\">\n\t\t\t\t\t<p class=\"elementor-heading-title elementor-size-default\">Type<\/p>\t\t\t\t<\/div>\n\t\t\t\t<\/div>\n\t\t\t\t<div class=\"elementor-element elementor-element-452ab57 elementor-widget elementor-widget-heading\" data-id=\"452ab57\" data-element_type=\"widget\" data-e-type=\"widget\" data-widget_type=\"heading.default\">\n\t\t\t\t<div class=\"elementor-widget-container\">\n\t\t\t\t\t<h3 class=\"elementor-heading-title elementor-size-default\">Commercial<\/h3>\t\t\t\t<\/div>\n\t\t\t\t<\/div>\n\t\t\t\t<\/div>\n\t\t<div data-particle_enable=\"false\" data-particle-mobile-disabled=\"false\" class=\"elementor-element elementor-element-204f457 e-con-full e-flex e-con e-child\" data-id=\"204f457\" data-element_type=\"container\" data-e-type=\"container\" data-settings=\"{&quot;jet_parallax_layout_list&quot;:[]}\">\n\t\t\t\t<div class=\"elementor-element elementor-element-baec51b elementor-widget elementor-widget-heading\" data-id=\"baec51b\" data-element_type=\"widget\" data-e-type=\"widget\" data-widget_type=\"heading.default\">\n\t\t\t\t<div class=\"elementor-widget-container\">\n\t\t\t\t\t<p class=\"elementor-heading-title elementor-size-default\">Ann\u00e9e<\/p>\t\t\t\t<\/div>\n\t\t\t\t<\/div>\n\t\t\t\t<div class=\"elementor-element elementor-element-55233d9 elementor-widget elementor-widget-heading\" data-id=\"55233d9\" data-element_type=\"widget\" data-e-type=\"widget\" data-widget_type=\"heading.default\">\n\t\t\t\t<div class=\"elementor-widget-container\">\n\t\t\t\t\t<h3 class=\"elementor-heading-title elementor-size-default\">2023<\/h3>\t\t\t\t<\/div>\n\t\t\t\t<\/div>\n\t\t\t\t<\/div>\n\t\t\t\t\t<\/div>\n\t\t\t\t<\/div>\n\t\t<div data-particle_enable=\"false\" data-particle-mobile-disabled=\"false\" class=\"elementor-element elementor-element-327cb62 e-flex e-con-boxed e-con e-parent\" data-id=\"327cb62\" data-element_type=\"container\" data-e-type=\"container\" data-settings=\"{&quot;jet_parallax_layout_list&quot;:[]}\">\n\t\t\t\t\t<div class=\"e-con-inner\">\n\t\t\t\t<div class=\"elementor-element elementor-element-76bb8fb elementor-widget elementor-widget-heading\" data-id=\"76bb8fb\" data-element_type=\"widget\" data-e-type=\"widget\" data-widget_type=\"heading.default\">\n\t\t\t\t<div class=\"elementor-widget-container\">\n\t\t\t\t\t<h2 class=\"elementor-heading-title elementor-size-default\">\u00c0 propos du projet<\/h2>\t\t\t\t<\/div>\n\t\t\t\t<\/div>\n\t\t\t\t\t<\/div>\n\t\t\t\t<\/div>\n\t\t<div data-particle_enable=\"false\" data-particle-mobile-disabled=\"false\" class=\"elementor-element elementor-element-11479e2 e-flex e-con-boxed e-con e-parent\" data-id=\"11479e2\" data-element_type=\"container\" data-e-type=\"container\" data-settings=\"{&quot;jet_parallax_layout_list&quot;:[]}\">\n\t\t\t\t\t<div class=\"e-con-inner\">\n\t\t\t\t<div class=\"elementor-element elementor-element-47c8d01 elementor-widget elementor-widget-text-editor\" data-id=\"47c8d01\" data-element_type=\"widget\" data-e-type=\"widget\" data-widget_type=\"text-editor.default\">\n\t\t\t\t<div class=\"elementor-widget-container\">\n\t\t\t\t\t\t\t\t\t<p>Nos mises \u00e0 jour de projets sont de retour pour cette ann\u00e9e et nous commen\u00e7ons avec un projet r\u00e9cemment achev\u00e9 dans le centre-ville de Moncton. L'immeuble Tannery Place South abrite 48 appartements et 6 espaces commerciaux qui offrent des commodit\u00e9s haut de gamme, une vue magnifique sur la rivi\u00e8re Petitcodiac ou le lac Jones. Il est entour\u00e9 de restaurants, de magasins de d\u00e9tail et de lieux de divertissement tels que le Centre Avenir.<\/p><p>L'entreprise g\u00e9n\u00e9rale Foulem Construction, dont les travaux viennent de s'achever \u00e0 la fin de l'ann\u00e9e 2020, a ajout\u00e9 \u00e0 notre ville un grand b\u00e2timent de six \u00e9tages avec un parking souterrain.<\/p>\t\t\t\t\t\t\t\t<\/div>\n\t\t\t\t<\/div>\n\t\t\t\t\t<\/div>\n\t\t\t\t<\/div>\n\t\t<div data-particle_enable=\"false\" data-particle-mobile-disabled=\"false\" class=\"elementor-element elementor-element-fee0b03 e-flex e-con-boxed e-con e-parent\" data-id=\"fee0b03\" data-element_type=\"container\" data-e-type=\"container\" data-settings=\"{&quot;jet_parallax_layout_list&quot;:[]}\">\n\t\t\t\t\t<div class=\"e-con-inner\">\n\t\t\t\t<div class=\"elementor-element elementor-element-cbebf21 elementor-widget elementor-widget-jet-images-layout\" data-id=\"cbebf21\" data-element_type=\"widget\" data-e-type=\"widget\" data-settings=\"{&quot;columns&quot;:&quot;2&quot;}\" data-widget_type=\"jet-images-layout.default\">\n\t\t\t\t<div class=\"elementor-widget-container\">\n\t\t\t\t\t<div class=\"elementor-jet-images-layout jet-elements\">\n<div class=\"jet-images-layout layout-type-grid\" data-settings='{&quot;layoutType&quot;:&quot;grid&quot;,&quot;justifyHeight&quot;:300}'>\n\t<div class=\"jet-images-layout__list col-row disable-cols-gap disable-rows-gap column-desktop-2 column-tablet-2 column-mobile-1\" >\n<div class=\"jet-images-layout__item col-desk-2\">\n\t<div class=\"jet-images-layout__inner\">\n\t\t<div class=\"jet-images-layout__image-loader\"><span><\/span><\/div>\n\t\t<div class=\"jet-images-layout__link\">\n\t\t\t<div class=\"jet-images-layout__image\">\n\t\t\t\t<img decoding=\"async\" class=\"jet-images-layout__image-instance\" src=\"https:\/\/lumarelectric.ca\/wp-content\/uploads\/2024\/12\/img3.webp\" alt=\"Tannery Place South apartment building exterior view.\" loading=\"lazy\">\t\t\t<\/div>\n\t\t\t<div class=\"jet-images-layout__content\"><div class=\"jet-images-layout__desc\">Le contrema\u00eetre commercial Adam Gauthier et son \u00e9quipe d'\u00e9lectriciens ont travaill\u00e9 sur ce chantier pendant plus d'un an pour s'assurer que cette nouvelle construction de 6 \u00e9tages en acier et en b\u00e9ton \u00e9tait \u00e9quip\u00e9e de tous les principaux composants \u00e9lectriques, de l'\u00e9clairage et des services dans l'ensemble du b\u00e2timent.<\/div><\/div>\n\t\t<\/div>\n\t<\/div>\n<\/div>\n<div class=\"jet-images-layout__item col-desk-2\">\n\t<div class=\"jet-images-layout__inner\">\n\t\t<div class=\"jet-images-layout__image-loader\"><span><\/span><\/div>\n\t\t<div class=\"jet-images-layout__link\">\n\t\t\t<div class=\"jet-images-layout__image\">\n\t\t\t\t<img decoding=\"async\" class=\"jet-images-layout__image-instance\" src=\"https:\/\/lumarelectric.ca\/wp-content\/uploads\/2024\/12\/IMG_6617-1.webp\" alt=\"Electrical room with meters and technicians working\" loading=\"lazy\">\t\t\t<\/div>\n\t\t\t<div class=\"jet-images-layout__content\"><div class=\"jet-images-layout__desc\">En commen\u00e7ant par la salle \u00e9lectrique, vous verrez que plusieurs composants importants ont \u00e9t\u00e9 n\u00e9cessaires : \n<ul>\n<li>Le tableau de distribution principal triphas\u00e9 1600Amp 600v<\/li>\n\n<li>Transformateurs abaisseurs<\/li>\n\n<li>Les piles de compteurs d'\u00e9nergie NB pour chaque appartement et chaque espace commercial<\/li>\n\nTableaux \u00e9lectriques principaux\n<\/ul><\/div><\/div>\n\t\t<\/div>\n\t<\/div>\n<\/div>\n<div class=\"jet-images-layout__item col-desk-2\">\n\t<div class=\"jet-images-layout__inner\">\n\t\t<div class=\"jet-images-layout__image-loader\"><span><\/span><\/div>\n\t\t<a class=\"jet-images-layout__link\" href=\"http:\/\/lumarelectric.ca\/wp-content\/uploads\/2024\/12\/IMG_6627.jpg\" data-elementor-open-lightbox=\"yes\" data-elementor-lightbox-slideshow=\"cbebf21\">\n\t\t\t<div class=\"jet-images-layout__image\">\n\t\t\t\t<img decoding=\"async\" class=\"jet-images-layout__image-instance\" src=\"https:\/\/lumarelectric.ca\/wp-content\/uploads\/2024\/12\/IMG_6627.jpg\" alt=\"Empty underground parking garage with yellow pillars.\" loading=\"lazy\">\t\t\t<\/div>\n\t\t\t<div class=\"jet-images-layout__content\"><div class=\"jet-images-layout__desc\">La majeure partie du b\u00e2timent a \u00e9t\u00e9 \u00e9quip\u00e9e d'un m\u00e9lange de lampes LED, d'appliques murales et de magnifiques lustres. Les plafonds apparents, les grandes fen\u00eatres allant du sol au plafond et les murs d'accent en b\u00e9ton donnent \u00e0 ce b\u00e2timent une v\u00e9ritable touche industrielle moderne. <\/div><\/div>\n\t\t<\/a>\n\t<\/div>\n<\/div>\n<div class=\"jet-images-layout__item col-desk-2\">\n\t<div class=\"jet-images-layout__inner\">\n\t\t<div class=\"jet-images-layout__image-loader\"><span><\/span><\/div>\n\t\t<a class=\"jet-images-layout__link\" href=\"http:\/\/lumarelectric.ca\/wp-content\/uploads\/2024\/12\/IMG_6606.jpg\" data-elementor-open-lightbox=\"yes\" data-elementor-lightbox-slideshow=\"cbebf21\">\n\t\t\t<div class=\"jet-images-layout__image\">\n\t\t\t\t<img decoding=\"async\" class=\"jet-images-layout__image-instance\" src=\"https:\/\/lumarelectric.ca\/wp-content\/uploads\/2024\/12\/IMG_6606.jpg\" alt=\"Modern empty room with fireplace and lights.\" loading=\"lazy\">\t\t\t<\/div>\n\t\t\t<div class=\"jet-images-layout__content\"><div class=\"jet-images-layout__desc\">Juste au-dessus des unit\u00e9s commerciales se trouvent 48 appartements r\u00e9sidentiels qui ont \u00e9t\u00e9 \u00e9quip\u00e9s de pompes \u00e0 chaleur mini split pour l'air central, de lampes LED, d'\u00e9clairage sous les armoires et d'un m\u00e9lange de lustres ou de suspensions pour cr\u00e9er un look moderne et haut de gamme qui attirera instantan\u00e9ment les clients.\n\nChaque pi\u00e8ce a \u00e9galement \u00e9t\u00e9 \u00e9quip\u00e9e de radiateurs \u00e0 convection Stelpro, d'un chauffage forc\u00e9 par ventilateur et d'une plinthe \u00e9lectrique afin d'optimiser la temp\u00e9rature de chaque pi\u00e8ce de mani\u00e8re ind\u00e9pendante. <\/div><\/div>\n\t\t<\/a>\n\t<\/div>\n<\/div>\n<div class=\"jet-images-layout__item col-desk-2\">\n\t<div class=\"jet-images-layout__inner\">\n\t\t<div class=\"jet-images-layout__image-loader\"><span><\/span><\/div>\n\t\t<a class=\"jet-images-layout__link\" href=\"http:\/\/lumarelectric.ca\/wp-content\/uploads\/2024\/12\/IMG_6635.jpg\" data-elementor-open-lightbox=\"yes\" data-elementor-lightbox-slideshow=\"cbebf21\">\n\t\t\t<div class=\"jet-images-layout__image\">\n\t\t\t\t<img decoding=\"async\" class=\"jet-images-layout__image-instance\" src=\"https:\/\/lumarelectric.ca\/wp-content\/uploads\/2024\/12\/IMG_6635.webp\" alt=\"Modern kitchen with island and pendant lights.\" loading=\"lazy\">\t\t\t<\/div>\n\t\t\t<div class=\"jet-images-layout__content\"><\/div>\n\t\t<\/a>\n\t<\/div>\n<\/div>\n<div class=\"jet-images-layout__item col-desk-2\">\n\t<div class=\"jet-images-layout__inner\">\n\t\t<div class=\"jet-images-layout__image-loader\"><span><\/span><\/div>\n\t\t<a class=\"jet-images-layout__link\" href=\"http:\/\/lumarelectric.ca\/wp-content\/uploads\/2024\/12\/IMG_6638.jpg\" data-elementor-open-lightbox=\"yes\" data-elementor-lightbox-slideshow=\"cbebf21\">\n\t\t\t<div class=\"jet-images-layout__image\">\n\t\t\t\t<img decoding=\"async\" class=\"jet-images-layout__image-instance\" src=\"https:\/\/lumarelectric.ca\/wp-content\/uploads\/2024\/12\/IMG_6638.webp\" alt=\"Modern kitchen with geometric tile backsplash.\" loading=\"lazy\">\t\t\t<\/div>\n\t\t\t<div class=\"jet-images-layout__content\"><\/div>\n\t\t<\/a>\n\t<\/div>\n<\/div>\n<div class=\"jet-images-layout__item col-desk-2\">\n\t<div class=\"jet-images-layout__inner\">\n\t\t<div class=\"jet-images-layout__image-loader\"><span><\/span><\/div>\n\t\t<a class=\"jet-images-layout__link\" href=\"http:\/\/lumarelectric.ca\/wp-content\/uploads\/2024\/12\/IMG_6637.jpg\" data-elementor-open-lightbox=\"yes\" data-elementor-lightbox-slideshow=\"cbebf21\">\n\t\t\t<div class=\"jet-images-layout__image\">\n\t\t\t\t<img decoding=\"async\" class=\"jet-images-layout__image-instance\" src=\"https:\/\/lumarelectric.ca\/wp-content\/uploads\/2024\/12\/IMG_6637.webp\" alt=\"Spacious room with large windows and wooden floor.\" loading=\"lazy\">\t\t\t<\/div>\n\t\t\t<div class=\"jet-images-layout__content\"><\/div>\n\t\t<\/a>\n\t<\/div>\n<\/div>\n<div class=\"jet-images-layout__item col-desk-2\">\n\t<div class=\"jet-images-layout__inner\">\n\t\t<div class=\"jet-images-layout__image-loader\"><span><\/span><\/div>\n\t\t<a class=\"jet-images-layout__link\" href=\"http:\/\/lumarelectric.ca\/wp-content\/uploads\/2024\/12\/IMG_6640.jpg\" data-elementor-open-lightbox=\"yes\" data-elementor-lightbox-slideshow=\"cbebf21\">\n\t\t\t<div class=\"jet-images-layout__image\">\n\t\t\t\t<img decoding=\"async\" class=\"jet-images-layout__image-instance\" src=\"https:\/\/lumarelectric.ca\/wp-content\/uploads\/2024\/12\/IMG_6640.webp\" alt=\"Modern bathroom with shower and toilet.\" loading=\"lazy\">\t\t\t<\/div>\n\t\t\t<div class=\"jet-images-layout__content\"><div class=\"jet-images-layout__desc\">Tannery Place South est un autre ajout important \u00e0 notre centre-ville sur lequel notre \u00e9quipe a \u00e9t\u00e9 fi\u00e8re de travailler et nous attendons avec impatience d'autres d\u00e9veloppements dans cette zone qui transformeront v\u00e9ritablement l'aspect et l'atmosph\u00e8re de notre ville.\n<br \/><br \/>\nNotre p\u00e9riode la plus charg\u00e9e de l'ann\u00e9e approche et nous vous tiendrons inform\u00e9s de plusieurs autres projets actuellement en cours de d\u00e9veloppement. Nous vous donnerons \u00e9galement un dernier aper\u00e7u des projets pass\u00e9s que nous avons mis en lumi\u00e8re afin que vous puissiez voir comment ils se sont d\u00e9roul\u00e9s.<\/div><\/div>\n\t\t<\/a>\n\t<\/div>\n<\/div>\n<\/div><\/div>\n<\/div>\t\t\t\t<\/div>\n\t\t\t\t<\/div>\n\t\t\t\t\t<\/div>\n\t\t\t\t<\/div>\n\t\t\t\t<\/div>","protected":false},"excerpt":{"rendered":"<p>LuMar Electric Projects Tannery Place South D\u00e9tails du projet Client Tannery Place South Ville Moncton, NB Type Commercial Secteur R\u00e9sidentiel \u00c9quipe 20+ \u00c9quipement Camion \u00e0 godets, \u00e9l\u00e9vateur \u00e0 ciseaux, excavatrice Type Commercial Ann\u00e9e 2023 \u00c0 propos du projet Nos mises \u00e0 jour de projets sont de retour pour cette ann\u00e9e et nous commen\u00e7ons avec un projet r\u00e9cemment achev\u00e9 [...]<\/p>","protected":false},"author":5,"featured_media":0,"parent":1301,"menu_order":0,"comment_status":"closed","ping_status":"closed","template":"elementor_header_footer","meta":{"_seopress_robots_primary_cat":"","_seopress_titles_title":"","_seopress_titles_desc":"","_seopress_robots_index":"","footnotes":""},"class_list":["post-1387","page","type-page","status-publish","hentry"],"_links":{"self":[{"href":"https:\/\/lumarelectric.ca\/fr\/wp-json\/wp\/v2\/pages\/1387","targetHints":{"allow":["GET"]}}],"collection":[{"href":"https:\/\/lumarelectric.ca\/fr\/wp-json\/wp\/v2\/pages"}],"about":[{"href":"https:\/\/lumarelectric.ca\/fr\/wp-json\/wp\/v2\/types\/page"}],"author":[{"embeddable":true,"href":"https:\/\/lumarelectric.ca\/fr\/wp-json\/wp\/v2\/users\/5"}],"replies":[{"embeddable":true,"href":"https:\/\/lumarelectric.ca\/fr\/wp-json\/wp\/v2\/comments?post=1387"}],"version-history":[{"count":0,"href":"https:\/\/lumarelectric.ca\/fr\/wp-json\/wp\/v2\/pages\/1387\/revisions"}],"up":[{"embeddable":true,"href":"https:\/\/lumarelectric.ca\/fr\/wp-json\/wp\/v2\/pages\/1301"}],"wp:attachment":[{"href":"https:\/\/lumarelectric.ca\/fr\/wp-json\/wp\/v2\/media?parent=1387"}],"curies":[{"name":"wp","href":"https:\/\/api.w.org\/{rel}","templated":true}]}}