{"id":3267,"date":"2025-07-30T13:59:22","date_gmt":"2025-07-30T16:59:22","guid":{"rendered":"https:\/\/lumarelectric.ca\/?page_id=3267"},"modified":"2025-07-30T14:08:07","modified_gmt":"2025-07-30T17:08:07","slug":"privacy-policy","status":"publish","type":"page","link":"https:\/\/lumarelectric.ca\/fr\/privacy-policy\/","title":{"rendered":"Politique de confidentialit\u00e9"},"content":{"rendered":"<div data-elementor-type=\"wp-page\" data-elementor-id=\"3267\" class=\"elementor elementor-3267\" data-elementor-post-type=\"page\">\n\t\t\t\t<div data-particle_enable=\"false\" data-particle-mobile-disabled=\"false\" class=\"elementor-element elementor-element-e41bf62 e-flex e-con-boxed e-con e-parent\" data-id=\"e41bf62\" data-element_type=\"container\" data-e-type=\"container\" data-settings=\"{&quot;jet_parallax_layout_list&quot;:[]}\">\n\t\t\t\t\t<div class=\"e-con-inner\">\n\t\t\t\t<div class=\"elementor-element elementor-element-351b484 elementor-widget elementor-widget-spacer\" data-id=\"351b484\" data-element_type=\"widget\" data-e-type=\"widget\" data-widget_type=\"spacer.default\">\n\t\t\t\t<div class=\"elementor-widget-container\">\n\t\t\t\t\t\t\t<div class=\"elementor-spacer\">\n\t\t\t<div class=\"elementor-spacer-inner\"><\/div>\n\t\t<\/div>\n\t\t\t\t\t\t<\/div>\n\t\t\t\t<\/div>\n\t\t\t\t<div class=\"elementor-element elementor-element-3db38a5 elementor-widget elementor-widget-heading\" data-id=\"3db38a5\" data-element_type=\"widget\" data-e-type=\"widget\" data-widget_type=\"heading.default\">\n\t\t\t\t<div class=\"elementor-widget-container\">\n\t\t\t\t\t<h2 class=\"elementor-heading-title elementor-size-default\">Politique de confidentialit\u00e9<\/h2>\t\t\t\t<\/div>\n\t\t\t\t<\/div>\n\t\t\t\t<div class=\"elementor-element elementor-element-686eb70 elementor-widget elementor-widget-text-editor\" data-id=\"686eb70\" data-element_type=\"widget\" data-e-type=\"widget\" data-widget_type=\"text-editor.default\">\n\t\t\t\t<div class=\"elementor-widget-container\">\n\t\t\t\t\t\t\t\t\t<p data-start=\"280\" data-end=\"347\"><strong data-start=\"280\" data-end=\"299\">Date d'entr\u00e9e en vigueur :<\/strong>\u00a001 juillet 2025<br data-start=\"313\" data-end=\"316\" \/><strong data-start=\"316\" data-end=\"333\">Derni\u00e8re mise \u00e0 jour :<\/strong>\u00a001 juillet 2025<\/p><p data-start=\"349\" data-end=\"580\">Au <strong data-start=\"352\" data-end=\"370\">LuMar Electric<\/strong>Nous nous engageons \u00e0 prot\u00e9ger votre vie priv\u00e9e et vos informations personnelles. La pr\u00e9sente politique de confidentialit\u00e9 d\u00e9crit la mani\u00e8re dont nous recueillons, utilisons et prot\u00e9geons les informations que vous nous fournissez par l'interm\u00e9diaire de notre site web et de nos campagnes publicitaires.<\/p><p data-start=\"349\" data-end=\"580\">\u00a0<\/p><h3 data-start=\"582\" data-end=\"611\">1. Les informations que nous collectons<\/h3><p data-start=\"613\" data-end=\"763\">Lorsque vous soumettez un formulaire par le biais de notre site web ou de nos publicit\u00e9s num\u00e9riques (tel qu'une demande de service ou un formulaire de contact), nous pouvons collecter les informations personnelles suivantes :<\/p><ul data-start=\"765\" data-end=\"887\"><li data-start=\"765\" data-end=\"778\"><p data-start=\"767\" data-end=\"778\">Votre nom<\/p><\/li><li data-start=\"779\" data-end=\"796\"><p data-start=\"781\" data-end=\"796\">Adresse \u00e9lectronique<\/p><\/li><li data-start=\"797\" data-end=\"813\"><p data-start=\"799\" data-end=\"813\">Num\u00e9ro de t\u00e9l\u00e9phone<\/p><\/li><li data-start=\"814\" data-end=\"846\"><p data-start=\"816\" data-end=\"846\">Lieu (par exemple, code postal)<\/p><\/li><li data-start=\"847\" data-end=\"887\"><p data-start=\"849\" data-end=\"887\">Toute information suppl\u00e9mentaire que vous fournissez<\/p><\/li><\/ul><p>\u00a0<\/p><h3 data-start=\"889\" data-end=\"923\">2. Comment nous utilisons vos informations<\/h3><p data-start=\"925\" data-end=\"959\">Nous utilisons vos informations uniquement pour :<\/p><ul data-start=\"961\" data-end=\"1125\"><li data-start=\"961\" data-end=\"1010\"><p data-start=\"963\" data-end=\"1010\">R\u00e9pondre \u00e0 vos demandes de renseignements ou de services<\/p><\/li><li data-start=\"1011\" data-end=\"1036\"><p data-start=\"1013\" data-end=\"1036\">Fixer des rendez-vous<\/p><\/li><li data-start=\"1037\" data-end=\"1068\"><p data-start=\"1039\" data-end=\"1068\">Fournir des estimations ou des devis<\/p><\/li><li data-start=\"1069\" data-end=\"1094\"><p data-start=\"1071\" data-end=\"1094\">Suivi des services<\/p><\/li><li data-start=\"1095\" data-end=\"1125\"><p data-start=\"1097\" data-end=\"1125\">Am\u00e9liorer notre service \u00e0 la client\u00e8le<\/p><\/li><\/ul><p data-start=\"1127\" data-end=\"1234\">\u00a0<\/p><p data-start=\"1127\" data-end=\"1234\">Nous allons <strong data-start=\"1135\" data-end=\"1165\">ne jamais vendre, louer ou partager<\/strong> vos informations personnelles \u00e0 des tiers \u00e0 des fins de marketing.<\/p><p data-start=\"1127\" data-end=\"1234\">\u00a0<\/p><p data-start=\"1127\" data-end=\"1234\">\u00a0<\/p><h3 data-start=\"1236\" data-end=\"1268\">3. Stockage et s\u00e9curit\u00e9 des donn\u00e9es<\/h3><p data-start=\"1270\" data-end=\"1452\">Toutes les donn\u00e9es soumises sont stock\u00e9es en toute s\u00e9curit\u00e9. Nous prenons des mesures techniques et organisationnelles appropri\u00e9es pour prot\u00e9ger vos informations personnelles contre tout acc\u00e8s non autoris\u00e9, toute utilisation abusive ou toute divulgation.<\/p><p data-start=\"1270\" data-end=\"1452\">\u00a0<\/p><h3 data-start=\"1454\" data-end=\"1481\">4. Services de tiers<\/h3><p data-start=\"1483\" data-end=\"1701\">Nous pouvons utiliser des services tiers (tels que Google Ads ou des outils de gestion de la relation client) pour g\u00e9rer nos communications. Ces services sont tenus de respecter les normes de protection de la vie priv\u00e9e et d'acc\u00e9der \u00e0 vos donn\u00e9es uniquement pour soutenir nos activit\u00e9s commerciales.<\/p><p data-start=\"1483\" data-end=\"1701\">\u00a0<\/p><h3 data-start=\"1703\" data-end=\"1721\">5. Vos droits<\/h3><p data-start=\"1723\" data-end=\"1745\">Vous avez le droit de :<\/p><ul data-start=\"1747\" data-end=\"1902\"><li data-start=\"1747\" data-end=\"1811\"><p data-start=\"1749\" data-end=\"1811\">Demander l'acc\u00e8s aux informations personnelles que nous d\u00e9tenons \u00e0 votre sujet<\/p><\/li><li data-start=\"1812\" data-end=\"1866\"><p data-start=\"1814\" data-end=\"1866\">Demander la correction ou la suppression de vos informations<\/p><\/li><li data-start=\"1867\" data-end=\"1902\"><p data-start=\"1869\" data-end=\"1902\">Retirer son consentement \u00e0 tout moment<\/p><\/li><\/ul><p data-start=\"1904\" data-end=\"1969\">\u00a0<\/p><p data-start=\"1904\" data-end=\"1969\">Pour faire une demande, veuillez nous contacter \u00e0 l'adresse suivante <b>info@lumarelectric.ca<\/b><\/p><p data-start=\"1904\" data-end=\"1969\">\u00a0<\/p><h3 data-start=\"1971\" data-end=\"1988\">6. Nous contacter<\/h3><p data-start=\"1990\" data-end=\"2062\">Si vous avez des questions ou des pr\u00e9occupations concernant cette politique, veuillez contacter :<\/p><p data-start=\"2064\" data-end=\"2217\"><strong data-start=\"2064\" data-end=\"2082\">LuMar Electric<\/strong><br data-start=\"2082\" data-end=\"2085\" \/>Courriel : info@lumarelectric.ca<\/p>\t\t\t\t\t\t\t\t<\/div>\n\t\t\t\t<\/div>\n\t\t\t\t\t<\/div>\n\t\t\t\t<\/div>\n\t\t\t\t<\/div>","protected":false},"excerpt":{"rendered":"<p>Privacy Policy Effective Date:\u00a0July 01, 2025Last Updated:\u00a0July 01, 2025 At LuMar Electric, we are committed to protecting your privacy and personal information. This Privacy Policy outlines how we collect, use, and safeguard the information you provide through our website and advertising campaigns. \u00a0 1. Information We Collect When you submit a form through our website [&hellip;]<\/p>","protected":false},"author":5,"featured_media":0,"parent":0,"menu_order":0,"comment_status":"closed","ping_status":"closed","template":"","meta":{"_seopress_robots_primary_cat":"","_seopress_titles_title":"Privacy Policy | LuMar Electric","_seopress_titles_desc":"","_seopress_robots_index":"","footnotes":""},"class_list":["post-3267","page","type-page","status-publish","hentry"],"_links":{"self":[{"href":"https:\/\/lumarelectric.ca\/fr\/wp-json\/wp\/v2\/pages\/3267","targetHints":{"allow":["GET"]}}],"collection":[{"href":"https:\/\/lumarelectric.ca\/fr\/wp-json\/wp\/v2\/pages"}],"about":[{"href":"https:\/\/lumarelectric.ca\/fr\/wp-json\/wp\/v2\/types\/page"}],"author":[{"embeddable":true,"href":"https:\/\/lumarelectric.ca\/fr\/wp-json\/wp\/v2\/users\/5"}],"replies":[{"embeddable":true,"href":"https:\/\/lumarelectric.ca\/fr\/wp-json\/wp\/v2\/comments?post=3267"}],"version-history":[{"count":0,"href":"https:\/\/lumarelectric.ca\/fr\/wp-json\/wp\/v2\/pages\/3267\/revisions"}],"wp:attachment":[{"href":"https:\/\/lumarelectric.ca\/fr\/wp-json\/wp\/v2\/media?parent=3267"}],"curies":[{"name":"wp","href":"https:\/\/api.w.org\/{rel}","templated":true}]}}