{"id":3443,"date":"2025-11-27T12:35:35","date_gmt":"2025-11-27T16:35:35","guid":{"rendered":"https:\/\/lumarelectric.ca\/?page_id=3443"},"modified":"2025-12-01T09:00:40","modified_gmt":"2025-12-01T13:00:40","slug":"apply-now-experienced-electricians","status":"publish","type":"page","link":"https:\/\/lumarelectric.ca\/fr\/apply-now-experienced-electricians\/","title":{"rendered":"Apply Now \u2013 Experienced Electricians"},"content":{"rendered":"<div data-elementor-type=\"wp-page\" data-elementor-id=\"3443\" class=\"elementor elementor-3443\" data-elementor-post-type=\"page\">\n\t\t\t\t<div data-particle_enable=\"false\" data-particle-mobile-disabled=\"false\" class=\"elementor-element elementor-element-a7696ee e-flex e-con-boxed e-con e-parent\" data-id=\"a7696ee\" data-element_type=\"container\" data-e-type=\"container\" data-settings=\"{&quot;jet_parallax_layout_list&quot;:[]}\">\n\t\t\t\t\t<div class=\"e-con-inner\">\n\t\t\t\t<div class=\"elementor-element elementor-element-e786d23 elementor-widget elementor-widget-spacer\" data-id=\"e786d23\" data-element_type=\"widget\" data-e-type=\"widget\" data-widget_type=\"spacer.default\">\n\t\t\t\t<div class=\"elementor-widget-container\">\n\t\t\t\t\t\t\t<div class=\"elementor-spacer\">\n\t\t\t<div class=\"elementor-spacer-inner\"><\/div>\n\t\t<\/div>\n\t\t\t\t\t\t<\/div>\n\t\t\t\t<\/div>\n\t\t\t\t<div class=\"elementor-element elementor-element-3ca8a2a elementor-widget elementor-widget-image\" data-id=\"3ca8a2a\" data-element_type=\"widget\" data-e-type=\"widget\" data-widget_type=\"image.default\">\n\t\t\t\t<div class=\"elementor-widget-container\">\n\t\t\t\t\t\t\t\t\t\t\t\t\t\t\t<img alt=\"\" fetchpriority=\"high\" decoding=\"async\" width=\"1200\" height=\"628\" src=\"https:\/\/lumarelectric.ca\/wp-content\/uploads\/2025\/11\/lumar-electric-hiring-experienced-electricians-2.png\" class=\"attachment-full size-full wp-image-3448\" srcset=\"https:\/\/lumarelectric.ca\/wp-content\/uploads\/2025\/11\/lumar-electric-hiring-experienced-electricians-2.png 1200w, https:\/\/lumarelectric.ca\/wp-content\/uploads\/2025\/11\/lumar-electric-hiring-experienced-electricians-2-300x157.png 300w, https:\/\/lumarelectric.ca\/wp-content\/uploads\/2025\/11\/lumar-electric-hiring-experienced-electricians-2-1024x536.png 1024w, https:\/\/lumarelectric.ca\/wp-content\/uploads\/2025\/11\/lumar-electric-hiring-experienced-electricians-2-768x402.png 768w, https:\/\/lumarelectric.ca\/wp-content\/uploads\/2025\/11\/lumar-electric-hiring-experienced-electricians-2-18x9.png 18w\" sizes=\"(max-width: 1200px) 100vw, 1200px\" \/>\t\t\t\t\t\t\t\t\t\t\t\t\t\t\t<\/div>\n\t\t\t\t<\/div>\n\t\t\t\t<div class=\"elementor-element elementor-element-3b16e5f elementor-widget elementor-widget-spacer\" data-id=\"3b16e5f\" data-element_type=\"widget\" data-e-type=\"widget\" data-widget_type=\"spacer.default\">\n\t\t\t\t<div class=\"elementor-widget-container\">\n\t\t\t\t\t\t\t<div class=\"elementor-spacer\">\n\t\t\t<div class=\"elementor-spacer-inner\"><\/div>\n\t\t<\/div>\n\t\t\t\t\t\t<\/div>\n\t\t\t\t<\/div>\n\t\t\t\t<div class=\"elementor-element elementor-element-37722c4 elementor-widget elementor-widget-heading\" data-id=\"37722c4\" data-element_type=\"widget\" data-e-type=\"widget\" data-widget_type=\"heading.default\">\n\t\t\t\t<div class=\"elementor-widget-container\">\n\t\t\t\t\t<h4 class=\"elementor-heading-title elementor-size-default\">Join the LuMar Electric Team<\/h4>\t\t\t\t<\/div>\n\t\t\t\t<\/div>\n\t\t\t\t<div class=\"elementor-element elementor-element-9059ec0 elementor-widget elementor-widget-text-editor\" data-id=\"9059ec0\" data-element_type=\"widget\" data-e-type=\"widget\" data-widget_type=\"text-editor.default\">\n\t\t\t\t<div class=\"elementor-widget-container\">\n\t\t\t\t\t\t\t\t\t<p>LuMar<strong> Electric is growing<\/strong> &#8211; and we\u2019re looking for experienced, skilled electricians to join our team. If you take pride in high-quality work, enjoy a supportive crew, and want to build a long-term career with strong benefits, <strong>we\u2019d love to hear from you.<\/strong><\/p><p><strong>We\u2019re currently hiring for:<\/strong><\/p><p>\u2022 Block 2 &amp; 3 Apprentices<br \/>\u2022 Licensed Electricians<br \/>\u2022 Lead Hands<br \/>\u2022 Foremen<br \/>\u2022 Residential &amp; Commercial Electricians<\/p><p><strong>At LuMar, you\u2019ll get:<\/strong><\/p><p>\u2022 Pension plan<br \/>\u2022 Health and dental benefits<br \/>\u2022 Clothing + tool allowance<br \/>\u2022 Foreman package (where applicable)<br \/>\u2022 Signing bonus (where applicable)<br \/>\u2022 A positive team culture and steady work<\/p><p><strong>Use the form below to submit your resume<\/strong> and tell us a bit about your experience.\u00a0<span style=\"font-size: 1.1rem;\">We review all applications and will contact qualified candidates directly.<\/span><\/p><p><span style=\"font-size: 1.1rem;\">\u00a0<\/span><\/p><p><strong>Ready to take the next step in your electrical career? Apply below.<\/strong><\/p>\t\t\t\t\t\t\t\t<\/div>\n\t\t\t\t<\/div>\n\t\t\t\t\t<\/div>\n\t\t\t\t<\/div>\n\t\t<div data-particle_enable=\"false\" data-particle-mobile-disabled=\"false\" class=\"elementor-element elementor-element-8204ebf e-flex e-con-boxed e-con e-parent\" data-id=\"8204ebf\" data-element_type=\"container\" data-e-type=\"container\" data-settings=\"{&quot;jet_parallax_layout_list&quot;:[]}\">\n\t\t\t\t\t<div class=\"e-con-inner\">\n\t\t\t\t<div class=\"elementor-element elementor-element-f636cbd elementor-widget__width-initial elementor-widget elementor-widget-formidable\" data-id=\"f636cbd\" data-element_type=\"widget\" data-e-type=\"widget\" data-widget_type=\"formidable.default\">\n\t\t\t\t<div class=\"elementor-widget-container\">\n\t\t\t\t\t<div class=\"frm_forms  with_frm_style frm_style_lumar-white-bg\" id=\"frm_form_12_container\" data-token=\"478165e4dfd57b9b092e24c06b7ecab3\">\n<form enctype=\"multipart\/form-data\" method=\"post\" class=\"frm-show-form  frm_pro_form\" id=\"form_job-application2\" data-token=\"478165e4dfd57b9b092e24c06b7ecab3\" action=\"\">\n<div class=\"frm_form_fields\">\n<fieldset>\n<legend class=\"frm_screen_reader\">Job Application - Hiring Ad<\/legend>\r\n\r\n<div class=\"frm_fields_container\">\n<input type=\"hidden\" name=\"frm_action\" value=\"create\" \/>\n<input type=\"hidden\" name=\"form_id\" value=\"12\" \/>\n<input type=\"hidden\" name=\"frm_hide_fields_12\" id=\"frm_hide_fields_12\" value=\"\" \/>\n<input type=\"hidden\" name=\"form_key\" value=\"job-application2\" \/>\n<input type=\"hidden\" name=\"item_meta[0]\" value=\"\" \/>\n<input type=\"hidden\" id=\"frm_submit_entry_12\" name=\"frm_submit_entry_12\" value=\"5e96f18edc\" \/><input type=\"hidden\" name=\"_wp_http_referer\" value=\"\/fr\/wp-json\/wp\/v2\/pages\/3443\" \/><input type=\"hidden\" name=\"item_meta[131]\" id=\"field_g40gu2\" value=\"Apply Now \u2013 Experienced Electricians\"  data-frmval=\"Apply Now \u2013 Experienced Electricians\"   \/>\n<div id=\"frm_field_132_container\" class=\"frm_form_field form-field  frm_required_field frm_top_container frm_first frm_half\">\r\n    <label for=\"field_x1dzdf\" class=\"frm_primary_label\">Nom\r\n        <span class=\"frm_required\">*<\/span>\r\n    <\/label>\r\n    <input  type=\"text\" id=\"field_x1dzdf\" name=\"item_meta[132]\" value=\"\"  data-reqmsg=\"Name cannot be blank.\" aria-required=\"true\" data-invmsg=\"Name is invalid\" aria-invalid=\"false\"   aria-describedby=\"frm_desc_field_x1dzdf\" \/>\r\n    <div class=\"frm_description\" id=\"frm_desc_field_x1dzdf\">Premi\u00e8re<\/div>\r\n    \r\n<\/div>\n<div id=\"frm_field_133_container\" class=\"frm_form_field form-field  frm_required_field frm_hidden_container frm_half\">\r\n    <label for=\"field_57mz9h\" class=\"frm_primary_label\">Derni\u00e8re\r\n        <span class=\"frm_required\">*<\/span>\r\n    <\/label>\r\n    <input  type=\"text\" id=\"field_57mz9h\" name=\"item_meta[133]\" value=\"\"  data-reqmsg=\"Last cannot be blank.\" aria-required=\"true\" data-invmsg=\"Last is invalid\" aria-invalid=\"false\"   aria-describedby=\"frm_desc_field_57mz9h\" \/>\r\n    <div class=\"frm_description\" id=\"frm_desc_field_57mz9h\">Derni\u00e8re<\/div>\r\n    \r\n<\/div>\n<div id=\"frm_field_134_container\" class=\"frm_form_field form-field  frm_required_field frm_top_container frm_full\">\r\n    <label for=\"field_7df6al\" class=\"frm_primary_label\">Courriel\r\n        <span class=\"frm_required\">*<\/span>\r\n    <\/label>\r\n    <input type=\"email\" id=\"field_7df6al\" name=\"item_meta[134]\" value=\"\"  data-reqmsg=\"Email cannot be blank.\" aria-required=\"true\" data-invmsg=\"Please enter a valid email address\" aria-invalid=\"false\"  \/>\r\n    \r\n    \r\n<\/div>\n<div id=\"frm_field_136_container\" class=\"frm_form_field form-field  frm_required_field frm_top_container frm12 frm_first\">\r\n    <label for=\"field_24gocg\" class=\"frm_primary_label\">T\u00e9l\u00e9phone portable\r\n        <span class=\"frm_required\">*<\/span>\r\n    <\/label>\r\n    <input type=\"tel\" id=\"field_24gocg\" name=\"item_meta[136]\" value=\"\"  data-reqmsg=\"Mobile Phone cannot be blank.\" aria-required=\"true\" data-invmsg=\"Mobile Phone is invalid\" aria-invalid=\"false\" pattern=\"((\\+\\d{1,3}(-|.| )?\\(?\\d\\)?(-| |.)?\\d{1,5})|(\\(?\\d{2,6}\\)?))(-|.| )?(\\d{3,4})(-|.| )?(\\d{4})(( x| ext)\\d{1,5}){0,1}$\"  \/>\r\n    \r\n    \r\n<\/div>\n<div id=\"frm_field_142_container\" class=\"frm_form_field form-field  frm_required_field frm_top_container\">\r\n\t<label for=\"field_ublyc\" id=\"field_ublyc_label\" class=\"frm_primary_label\">Current City\/Country of Residency\r\n\t\t<span class=\"frm_required\" aria-hidden=\"true\">*<\/span>\r\n\t<\/label>\r\n\t<input  type=\"text\" id=\"field_ublyc\" name=\"item_meta[142]\" value=\"\"  data-reqmsg=\"Current City\/Country of Residency cannot be blank.\" aria-required=\"true\" data-invmsg=\"Current City\/Country of Residency is invalid\" aria-invalid=\"false\"   \/>\r\n\t\r\n\t\r\n<\/div>\n<div id=\"frm_field_139_container\" class=\"frm_form_field form-field  frm_required_field frm_top_container\">\r\n    <label for=\"field_pjluad\" class=\"frm_primary_label\">Joindre le CV et la lettre de motivation\r\n        <span class=\"frm_required\">*<\/span>\r\n    <\/label>\r\n    <input type=\"hidden\"  data-reqmsg=\"Attach Resume &amp; Cover Letter cannot be blank.\" data-invmsg=\"Attach Resume &amp; Cover Letter is invalid\" class=\"auto_width\" aria-invalid=\"false\"   name=\"item_meta[139][]\"  value=\"\"  data-frmfile=\"139\" \/>\n\n<div class=\"frm_dropzone frm_multi_upload frm_clearfix\" id=\"file139_dropzone\" role=\"group\" >\n\t<div class=\"fallback\">\n\t\t<input type=\"file\" name=\"file139[]\" id=\"field_pjluad\"\n\t\t\t data-frmfile=\"139\" multiple=\"multiple\"  data-reqmsg=\"Attach Resume &amp; Cover Letter cannot be blank.\" data-invmsg=\"Attach Resume &amp; Cover Letter is invalid\" class=\"auto_width\" aria-invalid=\"false\"  \t\t\t\/>\n\t\t\t\t<div class=\"frm_clearfix\"><\/div>\n\t<\/div>\n\t<div class=\"dz-message needsclick\">\n\t\t\t\t<svg  viewbox=\"0 0 18 18\" class=\"frmsvg frm-svg-icon\">\n\t<path viewbox=\"0 0 18 18\" fill-rule=\"evenodd\" clip-rule=\"evenodd\" d=\"M8.2 4v8a.8.8 0 001.5 0V4l2.1 2.2A.7.7 0 1013 5L9.5 1.7a.7.7 0 00-1.1 0L5.1 5.2a.8.8 0 001 1l2.1-2zm7.6 4.3c.4 0 .7.3.7.7v6.8c0 .4-.3.7-.8.7H2.3a.8.8 0 01-.8-.8V9A.8.8 0 013 9v6h12V9c0-.4.3-.8.8-.8z\"><\/path>\n<\/svg>\t\t<span class=\"frm_upload_text\"><button type=\"button\" aria-label=\"Attach Resume &amp; Cover Letter. Drop a file here or click to upload. Maximum file size: 10MB\">D\u00e9posez un fichier ici ou cliquez pour le t\u00e9l\u00e9charger<\/button><\/span>\n\t\t<span class=\"frm_compact_text\"><button type=\"button\" aria-label=\"Attach Resume &amp; Cover Letter. Choose File. Maximum file size: 10MB\">Choisir un fichier<\/button><\/span>\n\t\t<div class=\"frm_small_text\">\n\t\t\t<p>Maximum file size: 10MB<\/p>\n\t\t<\/div>\n\t<\/div>\n<\/div>\n\t\r\n    \r\n    \r\n<\/div>\n<div id=\"frm_field_140_container\" class=\"frm_form_field form-field\">\r\n\t<div class=\"frm_submit\">\r\n\r\n<button class=\"frm_button_submit frm_final_submit\" type=\"submit\"  formnovalidate=\"formnovalidate\">Soumettre<\/button>\r\n\r\n<\/div>\r\n<\/div>\n\t<input type=\"hidden\" name=\"item_key\" value=\"\" \/>\n\t\t\t<div id=\"frm_field_143_container\">\n\t\t\t<label for=\"field_z667\" >\n\t\t\t\tIf you are human, leave this field blank.\t\t\t<\/label>\n\t\t\t<input  id=\"field_z667\" type=\"text\" class=\"frm_form_field form-field frm_verify\" name=\"item_meta[143]\" value=\"\"  \/>\n\t\t<\/div>\n\t\t<input name=\"frm_state\" type=\"hidden\" value=\"NFq6VqvPXK5f17vHqLPAuI5UaKCluWnOB5hL1ncbvfh7iPo6rLnjjmeysqNMwfu2\" \/><\/div>\n<\/fieldset>\n<\/div>\n\n<input type=\"hidden\" name=\"trp-form-language\" value=\"fr\"\/><\/form>\n<\/div>\n\t\t\t\t<\/div>\n\t\t\t\t<\/div>\n\t\t\t\t\t<\/div>\n\t\t\t\t<\/div>\n\t\t\t\t<\/div>","protected":false},"excerpt":{"rendered":"<p>Join the LuMar Electric Team LuMar Electric is growing &#8211; and we\u2019re looking for experienced, skilled electricians to join our team. If you take pride in high-quality work, enjoy a supportive crew, and want to build a long-term career with strong benefits, we\u2019d love to hear from you. We\u2019re currently hiring for: \u2022 Block 2 [&hellip;]<\/p>","protected":false},"author":5,"featured_media":0,"parent":0,"menu_order":0,"comment_status":"closed","ping_status":"closed","template":"","meta":{"_seopress_robots_primary_cat":"","_seopress_titles_title":"Apply Now - Experienced Electricians | LuMar Electric","_seopress_titles_desc":"","_seopress_robots_index":"","footnotes":""},"class_list":["post-3443","page","type-page","status-publish","hentry"],"_links":{"self":[{"href":"https:\/\/lumarelectric.ca\/fr\/wp-json\/wp\/v2\/pages\/3443","targetHints":{"allow":["GET"]}}],"collection":[{"href":"https:\/\/lumarelectric.ca\/fr\/wp-json\/wp\/v2\/pages"}],"about":[{"href":"https:\/\/lumarelectric.ca\/fr\/wp-json\/wp\/v2\/types\/page"}],"author":[{"embeddable":true,"href":"https:\/\/lumarelectric.ca\/fr\/wp-json\/wp\/v2\/users\/5"}],"replies":[{"embeddable":true,"href":"https:\/\/lumarelectric.ca\/fr\/wp-json\/wp\/v2\/comments?post=3443"}],"version-history":[{"count":0,"href":"https:\/\/lumarelectric.ca\/fr\/wp-json\/wp\/v2\/pages\/3443\/revisions"}],"wp:attachment":[{"href":"https:\/\/lumarelectric.ca\/fr\/wp-json\/wp\/v2\/media?parent=3443"}],"curies":[{"name":"wp","href":"https:\/\/api.w.org\/{rel}","templated":true}]}}