{"id":734,"date":"2024-12-04T17:21:18","date_gmt":"2024-12-04T17:21:18","guid":{"rendered":"https:\/\/lumarelectric.ca\/?page_id=734"},"modified":"2025-11-21T10:20:03","modified_gmt":"2025-11-21T14:20:03","slug":"about-us","status":"publish","type":"page","link":"https:\/\/lumarelectric.ca\/fr\/about-us\/","title":{"rendered":"\u00c0 propos de nous"},"content":{"rendered":"<div data-elementor-type=\"wp-page\" data-elementor-id=\"734\" class=\"elementor elementor-734\" data-elementor-post-type=\"page\">\n\t\t\t\t<div data-particle_enable=\"false\" data-particle-mobile-disabled=\"false\" class=\"elementor-element elementor-element-48ef53c e-con-full e-flex e-con e-parent\" data-id=\"48ef53c\" data-element_type=\"container\" data-e-type=\"container\" data-settings=\"{&quot;jet_parallax_layout_list&quot;:[],&quot;background_background&quot;:&quot;classic&quot;}\">\n\t\t<div data-particle_enable=\"false\" data-particle-mobile-disabled=\"false\" class=\"elementor-element elementor-element-deb61ad e-con-full e-flex e-con e-child\" data-id=\"deb61ad\" data-element_type=\"container\" data-e-type=\"container\" data-settings=\"{&quot;jet_parallax_layout_list&quot;:[]}\">\n\t\t\t\t<div class=\"elementor-element elementor-element-7ca912d elementor-widget elementor-widget-video\" data-id=\"7ca912d\" data-element_type=\"widget\" data-e-type=\"widget\" data-settings=\"{&quot;youtube_url&quot;:&quot;https:\\\/\\\/youtu.be\\\/ff4ZEQLMu9g?si=9Pn0NXew8yIYtUYi&quot;,&quot;autoplay&quot;:&quot;yes&quot;,&quot;play_on_mobile&quot;:&quot;yes&quot;,&quot;loop&quot;:&quot;yes&quot;,&quot;cc_load_policy&quot;:&quot;yes&quot;,&quot;video_type&quot;:&quot;youtube&quot;,&quot;controls&quot;:&quot;yes&quot;}\" data-widget_type=\"video.default\">\n\t\t\t\t<div class=\"elementor-widget-container\">\n\t\t\t\t\t\t\t<div class=\"elementor-wrapper elementor-open-inline\">\n\t\t\t<div class=\"elementor-video\"><\/div>\t\t<\/div>\n\t\t\t\t\t\t<\/div>\n\t\t\t\t<\/div>\n\t\t\t\t<\/div>\n\t\t<div data-particle_enable=\"false\" data-particle-mobile-disabled=\"false\" class=\"elementor-element elementor-element-8057d10 e-con-full e-flex e-con e-child\" data-id=\"8057d10\" data-element_type=\"container\" data-e-type=\"container\" data-settings=\"{&quot;background_background&quot;:&quot;classic&quot;,&quot;jet_parallax_layout_list&quot;:[]}\">\n\t\t\t\t<div class=\"elementor-element elementor-element-6452405 elementor-widget elementor-widget-heading\" data-id=\"6452405\" data-element_type=\"widget\" data-e-type=\"widget\" data-widget_type=\"heading.default\">\n\t\t\t\t<div class=\"elementor-widget-container\">\n\t\t\t\t\t<h5 class=\"elementor-heading-title elementor-size-default\">LuMar Electric<\/h5>\t\t\t\t<\/div>\n\t\t\t\t<\/div>\n\t\t\t\t<div class=\"elementor-element elementor-element-a661bfa elementor-widget elementor-widget-heading\" data-id=\"a661bfa\" data-element_type=\"widget\" data-e-type=\"widget\" data-widget_type=\"heading.default\">\n\t\t\t\t<div class=\"elementor-widget-container\">\n\t\t\t\t\t<h2 class=\"elementor-heading-title elementor-size-default\">\u00c0 propos de nous<\/h2>\t\t\t\t<\/div>\n\t\t\t\t<\/div>\n\t\t\t\t<div class=\"elementor-element elementor-element-dfb4684 elementor-widget elementor-widget-text-editor\" data-id=\"dfb4684\" data-element_type=\"widget\" data-e-type=\"widget\" data-widget_type=\"text-editor.default\">\n\t\t\t\t<div class=\"elementor-widget-container\">\n\t\t\t\t\t\t\t\t\t<p><span style=\"color: #ffffff;\">LuMar Electric est un entrepreneur en \u00e9lectricit\u00e9 local de confiance, fier de servir les propri\u00e9taires, les entreprises et les clients industriels du Nouveau-Brunswick et de l'\u00cele-du-Prince-\u00c9douard (\u00ce.-P.-\u00c9.). <\/span><\/p><p><span style=\"color: #ffffff;\">Des nouvelles constructions aux r\u00e9parations d'urgence, nous offrons une gamme compl\u00e8te de services \u00e9lectriques r\u00e9sidentiels, commerciaux et industriels adapt\u00e9s \u00e0 vos besoins. Avec une \u00e9quipe qualifi\u00e9e de plus de 100 \u00e9lectriciens agr\u00e9\u00e9s et apprentis, nous apportons des d\u00e9cennies d'exp\u00e9rience, d'expertise technique et un engagement fort en faveur de la s\u00e9curit\u00e9 et de la qualit\u00e9. <\/span><\/p><p><span style=\"color: #ffffff;\">Chaque projet est r\u00e9alis\u00e9 avec soin, dans le respect des d\u00e9lais, du budget et des normes les plus strictes.<\/span><\/p>\t\t\t\t\t\t\t\t<\/div>\n\t\t\t\t<\/div>\n\t\t\t\t<\/div>\n\t\t\t\t<\/div>\n\t\t<div data-particle_enable=\"false\" data-particle-mobile-disabled=\"false\" class=\"elementor-element elementor-element-62acc2e e-flex e-con-boxed e-con e-parent\" data-id=\"62acc2e\" data-element_type=\"container\" data-e-type=\"container\" data-settings=\"{&quot;jet_parallax_layout_list&quot;:[]}\">\n\t\t\t\t\t<div class=\"e-con-inner\">\n\t\t<div data-particle_enable=\"false\" data-particle-mobile-disabled=\"false\" class=\"elementor-element elementor-element-f3b5c37 e-con-full e-flex e-con e-child\" data-id=\"f3b5c37\" data-element_type=\"container\" data-e-type=\"container\" data-settings=\"{&quot;jet_parallax_layout_list&quot;:[]}\">\n\t\t\t\t<div class=\"elementor-element elementor-element-590f194 elementor-widget elementor-widget-heading\" data-id=\"590f194\" data-element_type=\"widget\" data-e-type=\"widget\" data-widget_type=\"heading.default\">\n\t\t\t\t<div class=\"elementor-widget-container\">\n\t\t\t\t\t<h2 class=\"elementor-heading-title elementor-size-default\">L'\u00e9lectricit\u00e9 est notre langue.<\/h2>\t\t\t\t<\/div>\n\t\t\t\t<\/div>\n\t\t\t\t<div class=\"elementor-element elementor-element-60857c4 elementor-widget elementor-widget-text-editor\" data-id=\"60857c4\" data-element_type=\"widget\" data-e-type=\"widget\" data-widget_type=\"text-editor.default\">\n\t\t\t\t<div class=\"elementor-widget-container\">\n\t\t\t\t\t\t\t\t\t<p>Chez LuMar Electric, fournir des solutions \u00e9lectriques s\u00fbres et fiables est ce que nous faisons de mieux. Depuis 2011, nous sommes fiers de servir les propri\u00e9taires et les entreprises de <a href=\"https:\/\/lumarelectric.ca\/fr\/moncton-electrician\/\">Moncton et ses environs<\/a>ainsi que <a href=\"https:\/\/lumarelectric.ca\/fr\/charlottetown-electrician\/\">Charlottetown et toute l'\u00cele-du-Prince-\u00c9douard (\u00ce.-P.-\u00c9.)<\/a>, avec des <a href=\"https:\/\/lumarelectric.ca\/fr\/electrical-services\/\">services \u00e9lectriques r\u00e9sidentiels et commerciaux. <\/a><\/p><p>En tant qu'entreprise locale, notre \u00e9quipe d'experts est compos\u00e9e d'une vingtaine de personnes. <strong>plus de 100 \u00e9lectriciens et apprentis agr\u00e9\u00e9s<\/strong> s'engage \u00e0 fournir un travail honn\u00eate et de haute qualit\u00e9, dans les d\u00e9lais impartis et \u00e0 chaque fois.<\/p><p>Nous comprenons les besoins de nos communaut\u00e9s de travailleurs et sommes fiers d'alimenter les maisons, les entreprises et les d\u00e9veloppements qui les soutiennent.<\/p><p>C'est pourquoi nous soutenons chaque projet avec un engagement de 100% pour la satisfaction du client - en offrant un service fiable et abordable sur lequel vous pouvez compter \u00e0 travers le Nouveau-Brunswick et l'\u00cele-du-Prince-\u00c9douard.<\/p>\t\t\t\t\t\t\t\t<\/div>\n\t\t\t\t<\/div>\n\t\t\t\t<div class=\"elementor-element elementor-element-cba96cd elementor-align-left elementor-tablet-align-center elementor-widget elementor-widget-button\" data-id=\"cba96cd\" data-element_type=\"widget\" data-e-type=\"widget\" data-widget_type=\"button.default\">\n\t\t\t\t<div class=\"elementor-widget-container\">\n\t\t\t\t\t\t\t\t\t<div class=\"elementor-button-wrapper\">\n\t\t\t\t\t<a class=\"elementor-button elementor-button-link elementor-size-sm\" href=\"https:\/\/lumarelectric.ca\/fr\/electrical-services\/\">\n\t\t\t\t\t\t<span class=\"elementor-button-content-wrapper\">\n\t\t\t\t\t\t<span class=\"elementor-button-icon\">\n\t\t\t\t<i aria-hidden=\"true\" class=\"fas fa-arrow-right\"><\/i>\t\t\t<\/span>\n\t\t\t\t\t\t\t\t\t<span class=\"elementor-button-text\">Voir tous les services \u00e9lectriques<\/span>\n\t\t\t\t\t<\/span>\n\t\t\t\t\t<\/a>\n\t\t\t\t<\/div>\n\t\t\t\t\t\t\t\t<\/div>\n\t\t\t\t<\/div>\n\t\t\t\t<\/div>\n\t\t<div data-particle_enable=\"false\" data-particle-mobile-disabled=\"false\" class=\"elementor-element elementor-element-320e0e4 e-con-full e-flex e-con e-child\" data-id=\"320e0e4\" data-element_type=\"container\" data-e-type=\"container\" data-settings=\"{&quot;jet_parallax_layout_list&quot;:[]}\">\n\t\t\t\t<div class=\"elementor-element elementor-element-6a301af elementor-widget elementor-widget-image\" data-id=\"6a301af\" data-element_type=\"widget\" data-e-type=\"widget\" data-widget_type=\"image.default\">\n\t\t\t\t<div class=\"elementor-widget-container\">\n\t\t\t\t\t\t\t\t\t\t\t\t\t\t\t<img fetchpriority=\"high\" decoding=\"async\" width=\"750\" height=\"422\" src=\"https:\/\/lumarelectric.ca\/wp-content\/uploads\/2024\/12\/ServicePic.webp\" class=\"attachment-large size-large wp-image-736\" alt=\"Electricians working outside a blue house with van.\" srcset=\"https:\/\/lumarelectric.ca\/wp-content\/uploads\/2024\/12\/ServicePic.webp 750w, https:\/\/lumarelectric.ca\/wp-content\/uploads\/2024\/12\/ServicePic-300x169.webp 300w, https:\/\/lumarelectric.ca\/wp-content\/uploads\/2024\/12\/ServicePic-18x10.webp 18w\" sizes=\"(max-width: 750px) 100vw, 750px\" \/>\t\t\t\t\t\t\t\t\t\t\t\t\t\t\t<\/div>\n\t\t\t\t<\/div>\n\t\t\t\t<\/div>\n\t\t\t\t\t<\/div>\n\t\t\t\t<\/div>\n\t\t<div data-particle_enable=\"false\" data-particle-mobile-disabled=\"false\" class=\"elementor-element elementor-element-6b00655 e-flex e-con-boxed e-con e-parent\" data-id=\"6b00655\" data-element_type=\"container\" data-e-type=\"container\" data-settings=\"{&quot;jet_parallax_layout_list&quot;:[]}\">\n\t\t\t\t\t<div class=\"e-con-inner\">\n\t\t\t\t<div class=\"elementor-element elementor-element-9d110c9 elementor-widget elementor-widget-template\" data-id=\"9d110c9\" data-element_type=\"widget\" data-e-type=\"widget\" data-widget_type=\"template.default\">\n\t\t\t\t<div class=\"elementor-widget-container\">\n\t\t\t\t\t\t\t<div class=\"elementor-template\">\n\t\t\t\t\t<div data-elementor-type=\"container\" data-elementor-id=\"1693\" class=\"elementor elementor-1693\" data-elementor-post-type=\"elementor_library\">\n\t\t\t\t<div data-particle_enable=\"false\" data-particle-mobile-disabled=\"false\" class=\"elementor-element elementor-element-2fb36be9 e-flex e-con-boxed e-con e-parent\" data-id=\"2fb36be9\" data-element_type=\"container\" data-e-type=\"container\" data-settings=\"{&quot;jet_parallax_layout_list&quot;:[]}\">\n\t\t\t\t\t<div class=\"e-con-inner\">\n\t\t<div data-particle_enable=\"false\" data-particle-mobile-disabled=\"false\" class=\"elementor-element elementor-element-66e10f48 e-con-full e-flex e-con e-child\" data-id=\"66e10f48\" data-element_type=\"container\" data-e-type=\"container\" data-settings=\"{&quot;background_background&quot;:&quot;classic&quot;,&quot;jet_parallax_layout_list&quot;:[]}\">\n\t\t\t\t<div class=\"elementor-element elementor-element-6903dcf5 elementor-view-framed elementor-shape-square elementor-position-inline-start elementor-tablet-position-block-start elementor-mobile-position-block-start elementor-widget elementor-widget-icon-box\" data-id=\"6903dcf5\" data-element_type=\"widget\" data-e-type=\"widget\" data-widget_type=\"icon-box.default\">\n\t\t\t\t<div class=\"elementor-widget-container\">\n\t\t\t\t\t\t\t<div class=\"elementor-icon-box-wrapper\">\n\n\t\t\t\t\t\t<div class=\"elementor-icon-box-icon\">\n\t\t\t\t<span  class=\"elementor-icon\">\n\t\t\t\t<i aria-hidden=\"true\" class=\"fas fa-handshake\"><\/i>\t\t\t\t<\/span>\n\t\t\t<\/div>\n\t\t\t\n\t\t\t\t\t\t<div class=\"elementor-icon-box-content\">\n\n\t\t\t\t\t\t\t\t\t<h2 class=\"elementor-icon-box-title\">\n\t\t\t\t\t\t<span  >\n\t\t\t\t\t\t\tVous aimez ce que vous voyez ? Rejoignez notre \u00e9quipe.\t\t\t\t\t\t<\/span>\n\t\t\t\t\t<\/h2>\n\t\t\t\t\n\t\t\t\t\n\t\t\t<\/div>\n\t\t\t\n\t\t<\/div>\n\t\t\t\t\t\t<\/div>\n\t\t\t\t<\/div>\n\t\t\t\t<div class=\"elementor-element elementor-element-2180dc93 elementor-widget elementor-widget-text-editor\" data-id=\"2180dc93\" data-element_type=\"widget\" data-e-type=\"widget\" data-widget_type=\"text-editor.default\">\n\t\t\t\t<div class=\"elementor-widget-container\">\n\t\t\t\t\t\t\t\t\t<p>Nous sommes toujours \u00e0 la recherche de nouveaux membres pour notre \u00e9quipe. Cliquez sur le lien ci-dessous pour consulter les postes vacants et poser votre candidature.<\/p>\t\t\t\t\t\t\t\t<\/div>\n\t\t\t\t<\/div>\n\t\t\t\t<div class=\"elementor-element elementor-element-6f292d46 elementor-align-left elementor-widget elementor-widget-button\" data-id=\"6f292d46\" data-element_type=\"widget\" data-e-type=\"widget\" data-widget_type=\"button.default\">\n\t\t\t\t<div class=\"elementor-widget-container\">\n\t\t\t\t\t\t\t\t\t<div class=\"elementor-button-wrapper\">\n\t\t\t\t\t<a class=\"elementor-button elementor-button-link elementor-size-sm\" href=\"https:\/\/lumarelectric.ca\/fr\/careers\/\">\n\t\t\t\t\t\t<span class=\"elementor-button-content-wrapper\">\n\t\t\t\t\t\t<span class=\"elementor-button-icon\">\n\t\t\t\t<i aria-hidden=\"true\" class=\"fas fa-arrow-right\"><\/i>\t\t\t<\/span>\n\t\t\t\t\t\t\t\t\t<span class=\"elementor-button-text\">Consultez nos postes \u00e0 pourvoir<\/span>\n\t\t\t\t\t<\/span>\n\t\t\t\t\t<\/a>\n\t\t\t\t<\/div>\n\t\t\t\t\t\t\t\t<\/div>\n\t\t\t\t<\/div>\n\t\t\t\t<\/div>\n\t\t<div data-particle_enable=\"false\" data-particle-mobile-disabled=\"false\" class=\"elementor-element elementor-element-366fd892 e-con-full e-flex e-con e-child\" data-id=\"366fd892\" data-element_type=\"container\" data-e-type=\"container\" data-settings=\"{&quot;jet_parallax_layout_list&quot;:[]}\">\n\t\t\t\t<div class=\"elementor-element elementor-element-6cec72ea elementor-widget elementor-widget-image\" data-id=\"6cec72ea\" data-element_type=\"widget\" data-e-type=\"widget\" data-widget_type=\"image.default\">\n\t\t\t\t<div class=\"elementor-widget-container\">\n\t\t\t\t\t\t\t\t\t\t\t\t\t\t\t<img decoding=\"async\" width=\"800\" height=\"600\" src=\"https:\/\/lumarelectric.ca\/wp-content\/uploads\/2024\/02\/lumar-electric-commercial-1024x768.webp\" class=\"attachment-large size-large wp-image-287\" alt=\"Construction site with truck and building in progress.\" srcset=\"https:\/\/lumarelectric.ca\/wp-content\/uploads\/2024\/02\/lumar-electric-commercial-1024x768.webp 1024w, https:\/\/lumarelectric.ca\/wp-content\/uploads\/2024\/02\/lumar-electric-commercial-300x225.webp 300w, https:\/\/lumarelectric.ca\/wp-content\/uploads\/2024\/02\/lumar-electric-commercial-768x576.webp 768w, https:\/\/lumarelectric.ca\/wp-content\/uploads\/2024\/02\/lumar-electric-commercial-1536x1152.webp 1536w, https:\/\/lumarelectric.ca\/wp-content\/uploads\/2024\/02\/lumar-electric-commercial-scaled.webp 1920w, https:\/\/lumarelectric.ca\/wp-content\/uploads\/2024\/02\/lumar-electric-commercial-16x12.webp 16w\" sizes=\"(max-width: 800px) 100vw, 800px\" \/>\t\t\t\t\t\t\t\t\t\t\t\t\t\t\t<\/div>\n\t\t\t\t<\/div>\n\t\t\t\t<\/div>\n\t\t\t\t\t<\/div>\n\t\t\t\t<\/div>\n\t\t\t\t<\/div>\n\t\t\t\t<\/div>\n\t\t\t\t\t\t<\/div>\n\t\t\t\t<\/div>\n\t\t\t\t\t<\/div>\n\t\t\t\t<\/div>\n\t\t\t\t<\/div>","protected":false},"excerpt":{"rendered":"<p>LuMar Electric About Us LuMar Electric is a trusted, locally owned electrical contractor proudly serving homeowners, businesses, and industrial clients across New Brunswick and Prince Edward Island (PEI). From new construction to emergency repairs, we offer a full range of residential, commercial, and industrial electrical services tailored to your needs. With a skilled team of [&hellip;]<\/p>","protected":false},"author":5,"featured_media":0,"parent":0,"menu_order":0,"comment_status":"closed","ping_status":"closed","template":"elementor_header_footer","meta":{"_seopress_robots_primary_cat":"","_seopress_titles_title":"About LuMar Electric | Trusted Electrical Contractors in New Brunswick & PEI","_seopress_titles_desc":"Discover LuMar Electric - locally owned and proudly serving New Brunswick and PEI since 2011. Our team of 100+ licensed electricians delivers honest, high-quality residential and commercial electrical services you can trust.","_seopress_robots_index":"","footnotes":""},"class_list":["post-734","page","type-page","status-publish","hentry"],"_links":{"self":[{"href":"https:\/\/lumarelectric.ca\/fr\/wp-json\/wp\/v2\/pages\/734","targetHints":{"allow":["GET"]}}],"collection":[{"href":"https:\/\/lumarelectric.ca\/fr\/wp-json\/wp\/v2\/pages"}],"about":[{"href":"https:\/\/lumarelectric.ca\/fr\/wp-json\/wp\/v2\/types\/page"}],"author":[{"embeddable":true,"href":"https:\/\/lumarelectric.ca\/fr\/wp-json\/wp\/v2\/users\/5"}],"replies":[{"embeddable":true,"href":"https:\/\/lumarelectric.ca\/fr\/wp-json\/wp\/v2\/comments?post=734"}],"version-history":[{"count":0,"href":"https:\/\/lumarelectric.ca\/fr\/wp-json\/wp\/v2\/pages\/734\/revisions"}],"wp:attachment":[{"href":"https:\/\/lumarelectric.ca\/fr\/wp-json\/wp\/v2\/media?parent=734"}],"curies":[{"name":"wp","href":"https:\/\/api.w.org\/{rel}","templated":true}]}}